{"id":719,"date":"2022-06-29T11:41:33","date_gmt":"2022-06-29T10:41:33","guid":{"rendered":"http:\/\/www.demixwereldmuziek.nl\/?page_id=719"},"modified":"2024-01-29T10:51:09","modified_gmt":"2024-01-29T09:51:09","slug":"grand-cafe-2020","status":"publish","type":"page","link":"https:\/\/www.demixwereldmuziek.nl\/index.php\/grand-cafe-2020\/","title":{"rendered":"Grand Caf\u00e9 2020"},"content":{"rendered":"\n<p><strong>Grand Caf\u00e9 2020<\/strong><\/p>\n\n\n\n<p><\/p>\n\n\n\n<figure class=\"wp-block-image\"><img loading=\"lazy\" decoding=\"async\" width=\"1024\" height=\"765\" src=\"http:\/\/www.demixwereldmuziek.nl\/wp-content\/uploads\/2022\/06\/GC-2020-groepsfoto-1024x765.jpg\" alt=\"\" class=\"wp-image-720\" srcset=\"https:\/\/www.demixwereldmuziek.nl\/wp-content\/uploads\/2022\/06\/GC-2020-groepsfoto-1024x765.jpg 1024w, https:\/\/www.demixwereldmuziek.nl\/wp-content\/uploads\/2022\/06\/GC-2020-groepsfoto-300x224.jpg 300w, https:\/\/www.demixwereldmuziek.nl\/wp-content\/uploads\/2022\/06\/GC-2020-groepsfoto-768x574.jpg 768w\" sizes=\"auto, (max-width: 706px) 89vw, (max-width: 767px) 82vw, 740px\" \/><\/figure>\n\n\n\n<p><\/p>\n\n\n\n<p><strong>Gevarieerde voorstelling door fluitist\/pianist Jan Erik Noske, gitarist Frank de Vries,\nviolist\/bassist Jaro Stulrajter, drummer\/percussionist Trijntje Noske en Greg Vanhouttem\nen de zangeressen Yvette Olof, Tamara Vander Loo en Shakira Wardenaar!!\n<\/strong><\/p>\n\n\n\n<p>\u2018Grand Caf\u00e9 2020\u2019 is een initiatief van Stichting De Mix voor zelfstandig wonende senioren.\nWaar senioren kunnen luisteren, kijken en samenzijn bij een gevarieerde voorstelling. Dit\nalles in de sfeer van een gezellig Grand Caf\u00e9. De zaal wordt speciaal ingericht met tafeltjes,\nstoelen, (LED)kaarsjes en theaterbar in een decor van licht met een video-achtergrond.\nTijdens de voorstellingen krijgt iedereen een drankje en hapje. Ook voor de mindervalide\nsenioren zijn deze voorstellingen toegankelijk!\n<\/p>\n\n\n\n<p><strong>Nostalgische nummers uit heel de wereld\n<\/strong><\/p>\n\n\n\n<p>De acht muzikanten en zangeressen van muziektheater Briza spelen en zingen herkenbare\nliedjes uit de hele wereld: Frankrijk, Duitsland, Amerika, Spanje, Engeland, Turkije,\nevergreens uit ons eigen land, klassiek, muziek uit het Andesgebergte, ABBA, folkmuziek,\netc. Stichting De Mix brengt een afwisselend en professioneel muziekoptreden met\nnummers van ver en van dichtbij, vol nostalgie!\n<\/p>\n\n\n\n<div style=\"height:50px\" aria-hidden=\"true\" class=\"wp-block-spacer\"><\/div>\n\n\n<div class=\"wp-block-image\">\n<figure class=\"aligncenter\"><img loading=\"lazy\" decoding=\"async\" width=\"1024\" height=\"577\" src=\"http:\/\/www.demixwereldmuziek.nl\/wp-content\/uploads\/2022\/06\/Grand-Cafe-2020-Screenshot-1024x577.png\" alt=\"\" class=\"wp-image-477\" srcset=\"https:\/\/www.demixwereldmuziek.nl\/wp-content\/uploads\/2022\/06\/Grand-Cafe-2020-Screenshot-1024x577.png 1024w, https:\/\/www.demixwereldmuziek.nl\/wp-content\/uploads\/2022\/06\/Grand-Cafe-2020-Screenshot-300x169.png 300w, https:\/\/www.demixwereldmuziek.nl\/wp-content\/uploads\/2022\/06\/Grand-Cafe-2020-Screenshot-768x433.png 768w, https:\/\/www.demixwereldmuziek.nl\/wp-content\/uploads\/2022\/06\/Grand-Cafe-2020-Screenshot.png 1916w\" sizes=\"auto, (max-width: 706px) 89vw, (max-width: 767px) 82vw, 740px\" \/><\/figure>\n<\/div>\n\n\n<p><strong>Grand Caf\u00e9 2020<\/strong><br>Het project \u201cGrand Caf\u00e9\u201d is een nieuw project van Stichting De Mix speciaal voor senioren uit de zorginstellingen en zelfstandig wonende senioren. Het doel van dit project is een gezellige ambiance cre\u00ebren waarbij de senioren kunnen luisteren en kijken naar een muziek, of theatervoorstelling. De sfeer die gecre\u00eberd wordt zal die zijn van een Grand Caf\u00e9. Hiervoor zal de theaterzaal speciaal ingericht worden. Er zullen tafels en stoelen en een theaterbar neergezet worden. De muziekvoorstellingen worden gespeeld op het podium. Er worden voor en na de voorstelling drankjes en hapjes geserveerd.<\/p>\n\n\n\n<p>De voorstellingen vinden plaats gedurende de maanden september\/oktober en november. Hierbij wil Stichting de Mix deels aansluiten bij het Haagse thema \u201cDen Haag Vitaal\u201d dat elk jaar in oktober plaats vindt. Een groot deel van de voorstellingen vindt daarom plaats in oktober (6 tot 10 voorstellingen).<\/p>\n\n\n\n<p>Goede kwaliteit in combinatie met toegankelijkheid (noodzakelijk in verband met de belevingswereld van de doelgroep) staan bij dit project voorop. Ook vinden wij het van groot belang dat er deels een actieve participatie plaats vindt tussen senioren en de uitvoerende artiesten (presentatie, meedoen, meezingen, meespelen). Dit om het gevoel van betrokkenheid te vergroten (participatie).<\/p>\n\n\n\n<p><strong>Netwerk<\/strong><br>Om een project als dit tot een succes te maken is een groot netwerk nodig binnen de doelgroep. Sinds 2014 is Stichting De Mix bezig dit netwerk op te zetten en te onderhouden. Er is contact met nagenoeg alle zorginstellingen van Den Haag. Via de activiteitenbegeleidster en\/of de verantwoordelijke voor de activiteiten wordt het programma opgestuurd. Er is altijd telefonisch contact over het programma en de inschrijvingen.<\/p>\n\n\n\n<p>Hiernaast heeft De Mix de afgelopen jaren samengewerkt met vervoersbedrijven zoals de Boodschappen Begeleidingsdienst (BBD) en de Zonnebloem afdeling Haaglanden.<\/p>\n\n\n\n<p><strong>Doelstelling<\/strong><br>Senioren zijn vaak niet meer zo goed ter been of zitten zelfs in een rolstoel, anderen kunnen licht dement zijn. Juist voor deze groep senioren willen wij ons extra inspannen, zij vallen overal buiten de boot. Ook kan het vervoer een probleem zijn, kunnen zij niet zelf met de taxibus naar het theater of ander uitje en zijn aangewezen op de activiteitenbegeleider van de Zorginstelling. Wij hebben ons specifiek ten doel gesteld deze senioren uit hun cultureel isolement te halen. Senioren hebben recht op een portie hoogwaardige cultuur, niet alleen op TV en binnen de zorginstelling maar ook daarbuiten, in het theater.<\/p>\n\n\n\n<p>Het Zeeheldentheater is zeer toegankelijk voor senioren. Voor ons is het een extra uitdaging de senioren hier te krijgen. Met een team van vrijwilligers ondersteunen wij de activiteitenbegeleidster bij het binnenkomen in het theater en helpen de senioren naar hun plaats in het theater. Daar het theater geheel gelijkvloers wordt ingericht kunnen de senioren met een rollator of rolstoel makkelijk (onder begeleiding) in de zaal plaats nemen.<\/p>\n\n\n\n<p>Inmiddels zijn wij ook in contact met de managers van de grootste Zorginstellingen in de regio Den Haag (o.a. HWW-Zorg, Cardia en Florence) om naar oplossingen te zoeken betreffende vervoer.<\/p>\n\n\n\n<p>Het Zeeheldentheater biedt de senioren een onvergetelijke middag in het theater. Na de voorstelling is er eerst een foto moment samen met de artiesten. Hierna is er tijd voor een drankje en hapje. Deze worden geserveerd aan de tafels.<\/p>\n","protected":false},"excerpt":{"rendered":"<p>Grand Caf\u00e9 2020 Gevarieerde voorstelling door fluitist\/pianist Jan Erik Noske, gitarist Frank de Vries, violist\/bassist Jaro Stulrajter, drummer\/percussionist Trijntje Noske en Greg Vanhouttem en de zangeressen Yvette Olof, Tamara Vander Loo en Shakira Wardenaar!! \u2018Grand Caf\u00e9 2020\u2019 is een initiatief van Stichting De Mix voor zelfstandig wonende senioren. Waar senioren kunnen luisteren, kijken en samenzijn &hellip; <\/p>\n<p class=\"link-more\"><a href=\"https:\/\/www.demixwereldmuziek.nl\/index.php\/grand-cafe-2020\/\" class=\"more-link\">Lees verder <span class=\"screen-reader-text\">&#8220;Grand Caf\u00e9 2020&#8221;<\/span><\/a><\/p>\n","protected":false},"author":1,"featured_media":0,"parent":0,"menu_order":0,"comment_status":"closed","ping_status":"closed","template":"","meta":{"footnotes":""},"class_list":["post-719","page","type-page","status-publish","hentry"],"_links":{"self":[{"href":"https:\/\/www.demixwereldmuziek.nl\/index.php\/wp-json\/wp\/v2\/pages\/719","targetHints":{"allow":["GET"]}}],"collection":[{"href":"https:\/\/www.demixwereldmuziek.nl\/index.php\/wp-json\/wp\/v2\/pages"}],"about":[{"href":"https:\/\/www.demixwereldmuziek.nl\/index.php\/wp-json\/wp\/v2\/types\/page"}],"author":[{"embeddable":true,"href":"https:\/\/www.demixwereldmuziek.nl\/index.php\/wp-json\/wp\/v2\/users\/1"}],"replies":[{"embeddable":true,"href":"https:\/\/www.demixwereldmuziek.nl\/index.php\/wp-json\/wp\/v2\/comments?post=719"}],"version-history":[{"count":7,"href":"https:\/\/www.demixwereldmuziek.nl\/index.php\/wp-json\/wp\/v2\/pages\/719\/revisions"}],"predecessor-version":[{"id":1087,"href":"https:\/\/www.demixwereldmuziek.nl\/index.php\/wp-json\/wp\/v2\/pages\/719\/revisions\/1087"}],"wp:attachment":[{"href":"https:\/\/www.demixwereldmuziek.nl\/index.php\/wp-json\/wp\/v2\/media?parent=719"}],"curies":[{"name":"wp","href":"https:\/\/api.w.org\/{rel}","templated":true}]}}